{"id":33,"date":"2019-05-20T10:23:00","date_gmt":"2019-05-20T08:23:00","guid":{"rendered":"http:\/\/vkminwest.pl\/?page_id=33"},"modified":"2019-05-20T10:23:00","modified_gmt":"2019-05-20T08:23:00","slug":"armatura-przemyslowa","status":"publish","type":"page","link":"http:\/\/vkminwest.pl\/index.php\/armatura-przemyslowa\/","title":{"rendered":"Armatura Przemys\u0142owa"},"content":{"rendered":"\n<p>Firma<strong>&nbsp;VKM INWEST<\/strong>&nbsp;dzi\u0119ki wsp\u00f3\u0142pracy z zachodnimi producentami jak i zagranicznymi partnerami handlowymi, oferuje szerok\u0105 gam\u0119 produkt\u00f3w znanych i cenionych w \u015bwiecie. W naszej ofercie s\u0105 wyroby armatury przemys\u0142owej takich marek jak:<\/p>\n\n\n\n<ul><li><strong>ARMARMATURE<\/strong>&nbsp;(armatura przemys\u0142owa) gdzie w sk\u0142ad grupy programu produkcji wchodz\u0105 firmy:&nbsp;<strong>STEVI<\/strong>,&nbsp;<strong>EURO-VEDI<\/strong>,&nbsp;<strong>FABA<\/strong>,&nbsp;<strong>STOBU<\/strong>,&nbsp;<strong>ZESA<\/strong>,&nbsp;<strong>GESA<\/strong>,&nbsp;<strong>ZIMA SAFE<\/strong>,&nbsp;<strong>PREDU<\/strong><\/li><li><strong>AWH<\/strong>&nbsp;(zawory kondensatowi; do wysokich ci\u015bnie\u0144)<\/li><li><strong>BURKERT<\/strong>&nbsp;(zawory dozuj\u0105co \u2013 regulacyjne)<\/li><li><strong>BOA \/ BOAX&nbsp;<\/strong>(zawory zwrotne, zawory klapowe)<\/li><li><strong>BEE&nbsp;<\/strong>(zawory kulowe)<\/li><li><strong>BOHMER<\/strong>&nbsp;zawory kulowe)<\/li><li><strong>BONOMI<\/strong>&nbsp;(zawory kulowe)<\/li><li><strong>BUGATTI<\/strong>&nbsp;(zawory kulowe)<\/li><li><strong>EBRO ARMATURE<\/strong>&nbsp;(zawory klapowe, termometry)<\/li><li><strong>ERHARD<\/strong>&nbsp;(zawory klapowe zwrotne, zawory kulowe zwrotne, zawory&nbsp;membranowe, zasuwy, zawory hydrantowi, specjalistyczne zawory do wody u\u017cytkowej)<\/li><li><strong>FESTO<\/strong>&nbsp;(zawory pneumatyczne, rozdzielacze steruj\u0105ce, systemy automatyzacji)<\/li><li><strong>GESTRA<\/strong>&nbsp;(zawory wysokoci\u015bnieniowe, zawory zwrotne, redukcje przep\u0142ywu, odwadniacze, odmulacze)<\/li><li><strong>GSR<\/strong>&nbsp;(zawory magnetyczne)<\/li><li><strong>HONEYWELL<\/strong>&nbsp;(armatura regulacyjna)<\/li><li><strong>HAITIMA&nbsp;<\/strong>(armatura kwasoodporna-specjalistyczna)<\/li><li><strong>KROMBACH<\/strong>&nbsp;(zawory kulowe, zawory specjalistyczne)<\/li><li><strong>LESER<\/strong>&nbsp;(zawory bezpiecze\u0144stwa; wysokiego ci\u015bnienia)<\/li><li><strong>MARICO<\/strong>&nbsp;(zasuwy wielomateria\u0142owe)<\/li><li><strong>NORI, NORICHEM<\/strong>&nbsp;(zawory, zawory klapowe, zasuwy; do zastosowa\u0144 w wysokich temperaturach, wysokiego ci\u015bnienia i&nbsp;agresywnym \u015brodowisku)<\/li><li><strong>PERSTA<\/strong>&nbsp;(zawory, zasuwy; wysokiego ci\u015bnienia)<\/li><li><strong>PRIAM, ISORIA (<\/strong>zawory klapowe)<\/li><li><strong>RITAG<\/strong>&nbsp;(zawory zwrotne)<\/li><li><strong>SAMSON<\/strong>&nbsp;(zawory regulacyjne, zawory redukcyjne)<\/li><li><strong>SCHUBERT &amp; SALZER<\/strong>&nbsp;(zawory regulacyjne)<\/li><li><strong>VON SCHEYEN<\/strong>&nbsp;(zawory kulowe)<\/li><li><strong>VEXVE<\/strong>&nbsp;(zawory kulowe; zastosowanie do wysokich temperatur)<\/li><li>oraz armatur\u0119 krajowych producent\u00f3w<\/li><\/ul>\n","protected":false},"excerpt":{"rendered":"<p>Firma&nbsp;VKM INWEST&nbsp;dzi\u0119ki wsp\u00f3\u0142pracy z zachodnimi producentami jak i zagranicznymi partnerami handlowymi, oferuje szerok\u0105 gam\u0119 produkt\u00f3w znanych i cenionych w \u015bwiecie. W naszej ofercie s\u0105 wyroby armatury przemys\u0142owej takich marek jak: ARMARMATURE&nbsp;(armatura przemys\u0142owa) gdzie w sk\u0142ad grupy programu produkcji wchodz\u0105 firmy:&nbsp;STEVI,&nbsp;EURO-VEDI,&nbsp;FABA,&nbsp;STOBU,&nbsp;ZESA,&nbsp;GESA,&nbsp;ZIMA SAFE,&nbsp;PREDU AWH&nbsp;(zawory kondensatowi; do wysokich ci\u015bnie\u0144) BURKERT&nbsp;(zawory dozuj\u0105co \u2013 regulacyjne) BOA \/ BOAX&nbsp;(zawory zwrotne, zawory<\/p>\n","protected":false},"author":1,"featured_media":0,"parent":0,"menu_order":0,"comment_status":"closed","ping_status":"closed","template":"","meta":[],"_links":{"self":[{"href":"http:\/\/vkminwest.pl\/index.php\/wp-json\/wp\/v2\/pages\/33"}],"collection":[{"href":"http:\/\/vkminwest.pl\/index.php\/wp-json\/wp\/v2\/pages"}],"about":[{"href":"http:\/\/vkminwest.pl\/index.php\/wp-json\/wp\/v2\/types\/page"}],"author":[{"embeddable":true,"href":"http:\/\/vkminwest.pl\/index.php\/wp-json\/wp\/v2\/users\/1"}],"replies":[{"embeddable":true,"href":"http:\/\/vkminwest.pl\/index.php\/wp-json\/wp\/v2\/comments?post=33"}],"version-history":[{"count":1,"href":"http:\/\/vkminwest.pl\/index.php\/wp-json\/wp\/v2\/pages\/33\/revisions"}],"predecessor-version":[{"id":34,"href":"http:\/\/vkminwest.pl\/index.php\/wp-json\/wp\/v2\/pages\/33\/revisions\/34"}],"wp:attachment":[{"href":"http:\/\/vkminwest.pl\/index.php\/wp-json\/wp\/v2\/media?parent=33"}],"curies":[{"name":"wp","href":"https:\/\/api.w.org\/{rel}","templated":true}]}}